{"id":9443,"date":"2025-11-18T16:33:01","date_gmt":"2025-11-18T13:33:01","guid":{"rendered":"https:\/\/maliye.avrasya.edu.tr\/?page_id=9443"},"modified":"2025-11-18T16:33:01","modified_gmt":"2025-11-18T13:33:01","slug":"program-ogretim-ciktilari","status":"publish","type":"page","link":"https:\/\/maliye.avrasya.edu.tr\/?page_id=9443","title":{"rendered":"Program \u00d6\u011fretim \u00c7\u0131kt\u0131lar\u0131"},"content":{"rendered":"","protected":false},"excerpt":{"rendered":"","protected":false},"author":1,"featured_media":0,"parent":0,"menu_order":0,"comment_status":"closed","ping_status":"closed","template":"","meta":{"footnotes":""},"class_list":["post-9443","page","type-page","status-publish","hentry"],"_links":{"self":[{"href":"https:\/\/maliye.avrasya.edu.tr\/index.php?rest_route=\/wp\/v2\/pages\/9443","targetHints":{"allow":["GET"]}}],"collection":[{"href":"https:\/\/maliye.avrasya.edu.tr\/index.php?rest_route=\/wp\/v2\/pages"}],"about":[{"href":"https:\/\/maliye.avrasya.edu.tr\/index.php?rest_route=\/wp\/v2\/types\/page"}],"author":[{"embeddable":true,"href":"https:\/\/maliye.avrasya.edu.tr\/index.php?rest_route=\/wp\/v2\/users\/1"}],"replies":[{"embeddable":true,"href":"https:\/\/maliye.avrasya.edu.tr\/index.php?rest_route=%2Fwp%2Fv2%2Fcomments&post=9443"}],"version-history":[{"count":2,"href":"https:\/\/maliye.avrasya.edu.tr\/index.php?rest_route=\/wp\/v2\/pages\/9443\/revisions"}],"predecessor-version":[{"id":9445,"href":"https:\/\/maliye.avrasya.edu.tr\/index.php?rest_route=\/wp\/v2\/pages\/9443\/revisions\/9445"}],"wp:attachment":[{"href":"https:\/\/maliye.avrasya.edu.tr\/index.php?rest_route=%2Fwp%2Fv2%2Fmedia&parent=9443"}],"curies":[{"name":"wp","href":"https:\/\/api.w.org\/{rel}","templated":true}]}}